{"id":82,"date":"2021-03-02T10:05:07","date_gmt":"2021-03-02T10:05:07","guid":{"rendered":"http:\/\/profilform.dk.linux200.curanetserver.dk\/?page_id=82"},"modified":"2026-03-02T14:35:46","modified_gmt":"2026-03-02T13:35:46","slug":"baeredygtighed","status":"publish","type":"page","link":"https:\/\/www.profilform.dk\/de\/baeredygtighed\/","title":{"rendered":"Nachhaltigkeit"},"content":{"rendered":"<div data-elementor-type=\"wp-page\" data-elementor-id=\"82\" class=\"elementor elementor-82\">\n\t\t\t\t\t\t<section class=\"elementor-section elementor-top-section elementor-element elementor-element-750e53c elementor-section-full_width elementor-section-height-min-height no-print elementor-section-height-default elementor-section-items-middle\" data-id=\"750e53c\" data-element_type=\"section\" data-e-type=\"section\" data-settings=\"{&quot;background_background&quot;:&quot;classic&quot;}\">\n\t\t\t\t\t\t<div class=\"elementor-container elementor-column-gap-default\">\n\t\t\t\t\t<div class=\"elementor-column elementor-col-100 elementor-top-column elementor-element elementor-element-7803120\" data-id=\"7803120\" data-element_type=\"column\" data-e-type=\"column\">\n\t\t\t<div class=\"elementor-widget-wrap\">\n\t\t\t\t\t\t\t<\/div>\n\t\t<\/div>\n\t\t\t\t\t<\/div>\n\t\t<\/section>\n\t\t\t\t<section class=\"elementor-section elementor-top-section elementor-element elementor-element-3e261eab elementor-section-boxed elementor-section-height-default elementor-section-height-default\" data-id=\"3e261eab\" data-element_type=\"section\" data-e-type=\"section\">\n\t\t\t\t\t\t<div class=\"elementor-container elementor-column-gap-default\">\n\t\t\t\t\t<div class=\"elementor-column elementor-col-100 elementor-top-column elementor-element elementor-element-4dfbb5bb\" data-id=\"4dfbb5bb\" data-element_type=\"column\" data-e-type=\"column\">\n\t\t\t<div class=\"elementor-widget-wrap elementor-element-populated\">\n\t\t\t\t\t\t<div class=\"elementor-element elementor-element-610c5a6 no-print elementor-widget elementor-widget-heading\" data-id=\"610c5a6\" data-element_type=\"widget\" data-e-type=\"widget\" data-widget_type=\"heading.default\">\n\t\t\t\t<div class=\"elementor-widget-container\">\n\t\t\t\t\t<h2 class=\"elementor-heading-title elementor-size-default\">Nachhaltigkeit<\/h2>\t\t\t\t<\/div>\n\t\t\t\t<\/div>\n\t\t\t\t<div class=\"elementor-element elementor-element-f6d01d9 elementor-widget elementor-widget-heading\" data-id=\"f6d01d9\" data-element_type=\"widget\" data-e-type=\"widget\" data-widget_type=\"heading.default\">\n\t\t\t\t<div class=\"elementor-widget-container\">\n\t\t\t\t\t<h3 class=\"elementor-heading-title elementor-size-default\">ESG-Bericht<\/h3>\t\t\t\t<\/div>\n\t\t\t\t<\/div>\n\t\t\t\t<div class=\"elementor-element elementor-element-f019273 elementor-widget elementor-widget-text-editor\" data-id=\"f019273\" data-element_type=\"widget\" data-e-type=\"widget\" data-widget_type=\"text-editor.default\">\n\t\t\t\t<div class=\"elementor-widget-container\">\n\t\t\t\t\t\t\t\t\t<p>Sehen Sie sich hier unseren ESG-Bericht an:<\/p>\n<p><a href=\"https:\/\/www.profilform.dk\/wp-content\/uploads\/2025\/07\/Profilform-ESG-Report-2024-ENG.pdf\" target=\"_blank\" rel=\"noopener\">ESG-Bericht 2024 - Profilform (ENG)<\/a><\/p>\t\t\t\t\t\t\t\t<\/div>\n\t\t\t\t<\/div>\n\t\t\t\t<div class=\"elementor-element elementor-element-ef2eb77 elementor-widget elementor-widget-heading\" data-id=\"ef2eb77\" data-element_type=\"widget\" data-e-type=\"widget\" data-widget_type=\"heading.default\">\n\t\t\t\t<div class=\"elementor-widget-container\">\n\t\t\t\t\t<h3 class=\"elementor-heading-title elementor-size-default\">Klimaverantwortung<\/h3>\t\t\t\t<\/div>\n\t\t\t\t<\/div>\n\t\t\t\t<div class=\"elementor-element elementor-element-29d09376 elementor-widget elementor-widget-text-editor\" data-id=\"29d09376\" data-element_type=\"widget\" data-e-type=\"widget\" data-widget_type=\"text-editor.default\">\n\t\t\t\t<div class=\"elementor-widget-container\">\n\t\t\t\t\t\t\t\t\t<p><strong>Klima und Klimawandel sind ein sehr wichtiger Bestandteil unseres Alltags.<\/strong><\/p>\n<p><!-- \/wp:paragraph --><!-- wp:paragraph --><\/p>\n<p>Es werden immer gr\u00f6\u00dfere Anforderungen, an die individuellen Anstrengungen f\u00fcr das Klima in Bezug auf Unternehmen und Einzelpersonen gestellt. Profilform A\/S hat bereits viele Initiativen ergriffen, um die Umgebung so wenig wie m\u00f6glich zu beeinflussen. Aber es ist ein Prozess, der in den n\u00e4chsten Jahren zunehmen wird. Ein Prozess, der in enger Zusammenarbeit mit unseren Kunden und Lieferanten stattfindet.<\/p>\n<p><!-- \/wp:paragraph --><!-- wp:paragraph --><\/p>\n<p>Wir haben uns f\u00fcr umweltfreundliche W\u00e4rmepumpen in unserem neuen Unternehmenswohnsitz entschieden.<\/p>\n<p><!-- \/wp:paragraph --><!-- wp:paragraph --><\/p>\n<p>Unsere Produktion wird ab 1. Januar 2021 mit Strom betrieben, der aus erneuerbaren Energiequellen bezogen wird.<\/p>\n<p><!-- \/wp:paragraph --><!-- wp:paragraph --><\/p>\n<p>Selbstverst\u00e4ndlich erf\u00fcllen wir mindestens die geltenden gesetzlichen Anforderungen in Bezug auf Umwelt und Entsorgung. Alle Abf\u00e4lle werden in Aluminium, Stahl, Edelstahl, Pappe, Kunststoff, Brennbares und Deponi, sortiert.<\/p>\n<p><!-- \/wp:paragraph --><!-- wp:paragraph --><\/p>\n<p>Unsere Prozessabf\u00e4lle und Produktionsschrott machen maximal 1% des gesamten Materialverbrauchs aus dem Herstellungsprozess aus. Dies wird nat\u00fcrlich zum Recycling abgeholt.<\/p>\n<p><!-- \/wp:paragraph --><!-- wp:paragraph --><\/p>\n<p>Das Recycling von Rohstoffen in der Fertigung ist ebenfalls ein wichtiger Bestandteil der Umwelt. Derzeit ist die Verteilung:<\/p>\n<p><!-- \/wp:paragraph --><!-- wp:paragraph --><\/p>\n<h5>Karton<\/h5>\n<p>80-100% sind Recycling.<\/p>\n<p><!-- \/wp:paragraph --><!-- wp:paragraph --><\/p>\n<h5>Aluminium<\/h5>\n<p>90-93% \nWir verwenden haupts\u00e4chlich Aluminium, das aus Recycling- oder Prozessabf\u00e4llen aus den Werken stammt. Dies bedeutet, dass der energieintensive vorgelagerte Prozess in der Prim\u00e4rproduktion bereits stattgefunden hat und somit Aluminium mit 95% weniger Energieverbrauch hergestellt werden kann. Wir sind st\u00e4ndig auf der Suche nach Werke, die auf eine Senkung der CO2-Emissionen hinarbeiten. Da Aluminium nach dem Ende des Produktzyklus bis zu 100% recycelbar ist, passt Aluminium perfekt zur Umwelt und zur Kreislaufwirtschaft.<\/p>\n<p><!-- \/wp:paragraph --><!-- wp:paragraph --><\/p>\n<h5>Stahl<\/h5>\n<p class=\"translation-block\">Hier arbeiten wir aktiv mit unseren Kunden und Lieferanten an den gleichen Zielen wie bei Aluminium zusammen. Mehrere Werke haben ernsthafte Ziele, um dieses zu erreichen.<\/p>\n<p><!-- \/wp:paragraph --><!-- wp:paragraph --><\/p>\n<h5>Versand<\/h5>\n<p>Unser Spediteure arbeiten anhand Ihrer ISO-Zertifizierungen daran, Ziele f\u00fcr Kontrollma\u00dfnahmen zur Reduzierung der Emissionsemissionen usw. Festzulegen, einschlie\u00dflich CO2-Reduzierung, l\u00e4ngeres Fahren pro Liter Kraftstoff, Verwenden von Huckepack, Fahren mit umweltfreundlichem Kraftstoff und wo sonst Energie gespart werden kann. Sie arbeiten auch intensiv an 8 der 17 Weltziele.<\/p>\n<p><!-- \/wp:paragraph --><!-- wp:paragraph --><\/p>\n<p>Wir haben ca. 6000 m2 ungenutztes Feld mit Blumengras an unserem Firmenwohnsitz gepflanzt. Es hat eine unglaubliche Fauna von Insekten und Wildtieren ergeben.<\/p>\n<p><!-- \/wp:paragraph --><\/p>\t\t\t\t\t\t\t\t<\/div>\n\t\t\t\t<\/div>\n\t\t\t\t\t<\/div>\n\t\t<\/div>\n\t\t\t\t\t<\/div>\n\t\t<\/section>\n\t\t\t\t<\/div>","protected":false},"excerpt":{"rendered":"<p>B\u00e6redygtighed ESG Rapport Se vores ESG Rapport her: ESG Rapport for 2024 &#8211; Profilform (PDF) Klimaansvar Klimaet og klimaforandringer er en meget vigtig del af vores hverdag. Der stilles st\u00f8rre og st\u00f8rre krav til den individuelle indsats for klimaet hvad ang\u00e5r virksomheder og private. Profilform A\/S har allerede gjort mange tiltag for at p\u00e5virke omgivelserne [&hellip;]<\/p>\n","protected":false},"author":1,"featured_media":0,"parent":0,"menu_order":0,"comment_status":"closed","ping_status":"closed","template":"","meta":{"footnotes":""},"class_list":["post-82","page","type-page","status-publish","hentry"],"_links":{"self":[{"href":"https:\/\/www.profilform.dk\/de\/wp-json\/wp\/v2\/pages\/82","targetHints":{"allow":["GET"]}}],"collection":[{"href":"https:\/\/www.profilform.dk\/de\/wp-json\/wp\/v2\/pages"}],"about":[{"href":"https:\/\/www.profilform.dk\/de\/wp-json\/wp\/v2\/types\/page"}],"author":[{"embeddable":true,"href":"https:\/\/www.profilform.dk\/de\/wp-json\/wp\/v2\/users\/1"}],"replies":[{"embeddable":true,"href":"https:\/\/www.profilform.dk\/de\/wp-json\/wp\/v2\/comments?post=82"}],"version-history":[{"count":37,"href":"https:\/\/www.profilform.dk\/de\/wp-json\/wp\/v2\/pages\/82\/revisions"}],"predecessor-version":[{"id":344,"href":"https:\/\/www.profilform.dk\/de\/wp-json\/wp\/v2\/pages\/82\/revisions\/344"}],"wp:attachment":[{"href":"https:\/\/www.profilform.dk\/de\/wp-json\/wp\/v2\/media?parent=82"}],"curies":[{"name":"wp","href":"https:\/\/api.w.org\/{rel}","templated":true}]}}